{"id":1312,"date":"2025-02-05T17:49:51","date_gmt":"2025-02-05T17:49:51","guid":{"rendered":"https:\/\/cooperativamaino.com\/?page_id=1312"},"modified":"2025-02-12T00:33:39","modified_gmt":"2025-02-12T00:33:39","slug":"contacto","status":"publish","type":"page","link":"https:\/\/cooperativamaino.com\/index.php\/contacto\/","title":{"rendered":"CONTACTO"},"content":{"rendered":"\t\t<div data-elementor-type=\"wp-page\" data-elementor-id=\"1312\" class=\"elementor elementor-1312\">\n\t\t\t\t\t\t<section class=\"elementor-section elementor-top-section elementor-element elementor-element-473dac4 elementor-section-content-middle elementor-section-boxed elementor-section-height-default elementor-section-height-default\" data-id=\"473dac4\" data-element_type=\"section\" data-settings=\"{&quot;background_background&quot;:&quot;classic&quot;}\">\n\t\t\t\t\t\t\t<div class=\"elementor-background-overlay\"><\/div>\n\t\t\t\t\t\t\t<div class=\"elementor-container elementor-column-gap-no\">\n\t\t\t\t\t<div class=\"elementor-column elementor-col-50 elementor-top-column elementor-element elementor-element-90e8941\" data-id=\"90e8941\" data-element_type=\"column\" data-settings=\"{&quot;background_background&quot;:&quot;classic&quot;}\">\n\t\t\t<div class=\"elementor-widget-wrap elementor-element-populated\">\n\t\t\t\t\t<div class=\"elementor-background-overlay\"><\/div>\n\t\t\t\t\t\t<div class=\"elementor-element elementor-element-d249334 elementor-widget__width-initial elementor-widget elementor-widget-text-editor\" data-id=\"d249334\" data-element_type=\"widget\" data-widget_type=\"text-editor.default\">\n\t\t\t\t<div class=\"elementor-widget-container\">\n\t\t\t\t\t\t\t\t\t<h5>\u00a0<\/h5><h5>\u00a1Nos encantar\u00eda saber de vos!<\/h5><p>\u00a0<\/p><p>Si tienes preguntas o comentarios, no dudes en escribirnos.\u00a0<\/p>\t\t\t\t\t\t\t\t<\/div>\n\t\t\t\t<\/div>\n\t\t\t\t<div class=\"elementor-element elementor-element-31b7a74 elementor-widget__width-initial elementor-widget elementor-widget-wpforms\" data-id=\"31b7a74\" data-element_type=\"widget\" data-widget_type=\"wpforms.default\">\n\t\t\t\t<div class=\"elementor-widget-container\">\n\t\t\t\t\t<style id=\"wpforms-css-vars-elementor-widget-31b7a74\">\n\t\t\t\t.elementor-widget-wpforms.elementor-element-31b7a74 {\n\t\t\t\t--wpforms-field-border-radius: 10px;\n--wpforms-field-background-color: #B9B9B9;\n--wpforms-field-border-color: #FFFFFFE0;\n--wpforms-field-border-color-spare: #FFFFFFE0;\n--wpforms-field-text-color: #00648F;\n--wpforms-label-color: #00648F;\n--wpforms-label-sublabel-color: #00648F;\n--wpforms-button-border-radius: 10px;\n--wpforms-field-size-input-height: 31px;\n--wpforms-field-size-input-spacing: 10px;\n--wpforms-field-size-font-size: 14px;\n--wpforms-field-size-line-height: 17px;\n--wpforms-field-size-padding-h: 9px;\n--wpforms-field-size-checkbox-size: 14px;\n--wpforms-field-size-sublabel-spacing: 5px;\n--wpforms-field-size-icon-size: 0.75;\n--wpforms-label-size-font-size: 16px;\n--wpforms-label-size-line-height: 19px;\n--wpforms-label-size-sublabel-font-size: 14px;\n--wpforms-label-size-sublabel-line-height: 17px;\n--wpforms-button-size-font-size: 20px;\n--wpforms-button-size-height: 48px;\n--wpforms-button-size-padding-h: 20px;\n--wpforms-button-size-margin-top: 15px;\n\n\t\t\t}\n\t\t\t<\/style><div class=\"wpforms-container wpforms-container-full form_maino wpforms-render-modern\" id=\"wpforms-1319\"><form id=\"wpforms-form-1319\" class=\"wpforms-validate wpforms-form wpforms-ajax-form\" data-formid=\"1319\" method=\"post\" enctype=\"multipart\/form-data\" action=\"\/index.php\/wp-json\/wp\/v2\/pages\/1312\" data-token=\"70550463a92dac35c665f82f1183c199\" data-token-time=\"1776376420\"><noscript class=\"wpforms-error-noscript\">Por favor, activa JavaScript en tu navegador para completar este formulario.<\/noscript><div class=\"wpforms-hidden\" id=\"wpforms-error-noscript\">Por favor, activa JavaScript en tu navegador para completar este formulario.<\/div><div class=\"wpforms-field-container\"><div id=\"wpforms-1319-field_1-container\" class=\"wpforms-field wpforms-field-name\" data-field-id=\"1\"><fieldset><legend class=\"wpforms-field-label\">Nombre <span class=\"wpforms-required-label\" aria-hidden=\"true\">*<\/span><\/legend><div class=\"wpforms-field-row wpforms-field-medium\"><div class=\"wpforms-field-row-block wpforms-first wpforms-one-half\"><input type=\"text\" id=\"wpforms-1319-field_1\" class=\"wpforms-field-name-first wpforms-field-required\" name=\"wpforms[fields][1][first]\" aria-errormessage=\"wpforms-1319-field_1-error\" required><label for=\"wpforms-1319-field_1\" class=\"wpforms-field-sublabel after\">Nombre<\/label><\/div><div class=\"wpforms-field-row-block wpforms-one-half\"><input type=\"text\" id=\"wpforms-1319-field_1-last\" class=\"wpforms-field-name-last wpforms-field-required\" name=\"wpforms[fields][1][last]\" aria-errormessage=\"wpforms-1319-field_1-last-error\" required><label for=\"wpforms-1319-field_1-last\" class=\"wpforms-field-sublabel after\">Apellidos<\/label><\/div><\/div><\/fieldset><\/div><div id=\"wpforms-1319-field_2-container\" class=\"wpforms-field wpforms-field-email\" data-field-id=\"2\"><label class=\"wpforms-field-label\" for=\"wpforms-1319-field_2\">Correo electr\u00f3nico <span class=\"wpforms-required-label\" aria-hidden=\"true\">*<\/span><\/label><input type=\"email\" id=\"wpforms-1319-field_2\" class=\"wpforms-field-medium wpforms-field-required\" name=\"wpforms[fields][2]\" spellcheck=\"false\" aria-errormessage=\"wpforms-1319-field_2-error\" required><\/div><div id=\"wpforms-1319-field_3-container\" class=\"wpforms-field wpforms-field-textarea\" data-field-id=\"3\"><label class=\"wpforms-field-label\" for=\"wpforms-1319-field_3\">Comentario o mensaje<\/label><textarea id=\"wpforms-1319-field_3\" class=\"wpforms-field-medium\" name=\"wpforms[fields][3]\" aria-errormessage=\"wpforms-1319-field_3-error\" ><\/textarea><\/div><\/div><!-- .wpforms-field-container --><div class=\"wpforms-submit-container\" ><input type=\"hidden\" name=\"wpforms[id]\" value=\"1319\"><input type=\"hidden\" name=\"page_title\" value=\"\"><input type=\"hidden\" name=\"page_url\" value=\"https:\/\/cooperativamaino.com\/index.php\/wp-json\/wp\/v2\/pages\/1312\"><button type=\"submit\" name=\"wpforms[submit]\" id=\"wpforms-submit-1319\" class=\"wpforms-submit btn_form_maino\" data-alt-text=\"Enviando...\" data-submit-text=\"ENVIAR\" aria-live=\"assertive\" value=\"wpforms-submit\">ENVIAR<\/button><img decoding=\"async\" src=\"https:\/\/cooperativamaino.com\/wp-content\/plugins\/wpforms-lite\/assets\/images\/submit-spin.svg\" class=\"wpforms-submit-spinner\" style=\"display: none;\" width=\"26\" height=\"26\" alt=\"Cargando\"><\/div><\/form><\/div>  <!-- .wpforms-container -->\t\t\t\t<\/div>\n\t\t\t\t<\/div>\n\t\t\t\t\t<\/div>\n\t\t<\/div>\n\t\t\t\t<div class=\"elementor-column elementor-col-50 elementor-top-column elementor-element elementor-element-0d6f0d7\" data-id=\"0d6f0d7\" data-element_type=\"column\" data-settings=\"{&quot;background_background&quot;:&quot;classic&quot;}\">\n\t\t\t<div class=\"elementor-widget-wrap elementor-element-populated\">\n\t\t\t\t\t<div class=\"elementor-background-overlay\"><\/div>\n\t\t\t\t\t\t<div class=\"elementor-element elementor-element-6766e90 elementor-widget__width-initial elementor-widget elementor-widget-text-editor\" data-id=\"6766e90\" data-element_type=\"widget\" data-widget_type=\"text-editor.default\">\n\t\t\t\t<div class=\"elementor-widget-container\">\n\t\t\t\t\t\t\t\t\t<p style=\"text-align: left;\">Cada acci\u00f3n, por peque\u00f1a que sea, tiene un gran impacto. Si tienes algo que ya no necesitas, como muebles, ropa, un servicio o una donaci\u00f3n econ\u00f3mica, tu colaboraci\u00f3n puede mejorar la vida de alguien y ayudarnos a seguir construyendo un futuro mejor para todas y todos.<\/p><p style=\"text-align: left;\">\u00a0<\/p><h5 style=\"text-align: center;\"><strong>BROU &#8211; Caja de Ahorro<\/strong><\/h5><h5 style=\"text-align: center;\"><strong>Cooperativa Maino<\/strong><\/h5><p style=\"text-align: center;\">Nro. de cuenta:<br \/>001571014-00006<\/p><p>\u00a0<\/p><h5 style=\"text-align: center;\">Pod\u00e9s escribirnos a:<\/h5><p style=\"text-align: center;\"><a href=\"mailto:contacto@cooperativamaino.com\">contacto@cooperativamaino.com<\/a><\/p><p style=\"text-align: center;\">\u00a0<\/p>\t\t\t\t\t\t\t\t<\/div>\n\t\t\t\t<\/div>\n\t\t\t\t\t<\/div>\n\t\t<\/div>\n\t\t\t\t\t<\/div>\n\t\t<\/section>\n\t\t\t\t<\/div>\n\t\t","protected":false},"excerpt":{"rendered":"<p>\u00a0 \u00a1Nos encantar\u00eda saber de vos! \u00a0 Si tienes preguntas o comentarios, no dudes en escribirnos.\u00a0 Por favor, activa JavaScript en tu navegador para completar [&hellip;]<\/p>\n","protected":false},"author":1,"featured_media":0,"parent":0,"menu_order":0,"comment_status":"closed","ping_status":"closed","template":"page-templates\/page_front-page.php","meta":{"footnotes":""},"class_list":["post-1312","page","type-page","status-publish","hentry"],"_links":{"self":[{"href":"https:\/\/cooperativamaino.com\/index.php\/wp-json\/wp\/v2\/pages\/1312","targetHints":{"allow":["GET"]}}],"collection":[{"href":"https:\/\/cooperativamaino.com\/index.php\/wp-json\/wp\/v2\/pages"}],"about":[{"href":"https:\/\/cooperativamaino.com\/index.php\/wp-json\/wp\/v2\/types\/page"}],"author":[{"embeddable":true,"href":"https:\/\/cooperativamaino.com\/index.php\/wp-json\/wp\/v2\/users\/1"}],"replies":[{"embeddable":true,"href":"https:\/\/cooperativamaino.com\/index.php\/wp-json\/wp\/v2\/comments?post=1312"}],"version-history":[{"count":100,"href":"https:\/\/cooperativamaino.com\/index.php\/wp-json\/wp\/v2\/pages\/1312\/revisions"}],"predecessor-version":[{"id":1762,"href":"https:\/\/cooperativamaino.com\/index.php\/wp-json\/wp\/v2\/pages\/1312\/revisions\/1762"}],"wp:attachment":[{"href":"https:\/\/cooperativamaino.com\/index.php\/wp-json\/wp\/v2\/media?parent=1312"}],"curies":[{"name":"wp","href":"https:\/\/api.w.org\/{rel}","templated":true}]}}