{"id":600,"date":"2020-10-03T14:48:58","date_gmt":"2020-10-03T14:48:58","guid":{"rendered":"http:\/\/demo.athemes.com\/sp-plumber\/?page_id=7"},"modified":"2025-08-19T15:01:06","modified_gmt":"2025-08-19T15:01:06","slug":"home","status":"publish","type":"page","link":"https:\/\/cooperativamaino.com\/","title":{"rendered":"Home"},"content":{"rendered":"\t\t<div data-elementor-type=\"wp-page\" data-elementor-id=\"600\" class=\"elementor elementor-600\">\n\t\t\t\t\t\t<section class=\"elementor-section elementor-top-section elementor-element elementor-element-a3375c9 elementor-section-content-middle elementor-section-full_width elementor-section-height-default elementor-section-height-default\" data-id=\"a3375c9\" data-element_type=\"section\" data-settings=\"{&quot;background_background&quot;:&quot;classic&quot;}\">\n\t\t\t\t\t\t\t<div class=\"elementor-background-overlay\"><\/div>\n\t\t\t\t\t\t\t<div class=\"elementor-container elementor-column-gap-no\">\n\t\t\t\t\t<div class=\"elementor-column elementor-col-100 elementor-top-column elementor-element elementor-element-ffbe9a6\" data-id=\"ffbe9a6\" data-element_type=\"column\" data-settings=\"{&quot;background_background&quot;:&quot;classic&quot;}\">\n\t\t\t<div class=\"elementor-widget-wrap elementor-element-populated\">\n\t\t\t\t\t\t<div class=\"elementor-element elementor-element-20f7002 elementor-widget__width-initial elementor-widget elementor-widget-image\" data-id=\"20f7002\" data-element_type=\"widget\" data-widget_type=\"image.default\">\n\t\t\t\t<div class=\"elementor-widget-container\">\n\t\t\t\t\t\t\t\t\t\t\t\t\t\t\t\t<a href=\"https:\/\/cooperativamaino.com\/index.php\/caffluisaluisi\/#familiainicio\">\n\t\t\t\t\t\t\t<img fetchpriority=\"high\" decoding=\"async\" width=\"1900\" height=\"600\" src=\"https:\/\/cooperativamaino.com\/wp-content\/uploads\/2025\/08\/slider2025_sinfondo.png\" class=\"attachment-full size-full wp-image-1800\" alt=\"\" srcset=\"https:\/\/cooperativamaino.com\/wp-content\/uploads\/2025\/08\/slider2025_sinfondo.png 1900w, https:\/\/cooperativamaino.com\/wp-content\/uploads\/2025\/08\/slider2025_sinfondo-300x95.png 300w, https:\/\/cooperativamaino.com\/wp-content\/uploads\/2025\/08\/slider2025_sinfondo-1024x323.png 1024w, https:\/\/cooperativamaino.com\/wp-content\/uploads\/2025\/08\/slider2025_sinfondo-768x243.png 768w, https:\/\/cooperativamaino.com\/wp-content\/uploads\/2025\/08\/slider2025_sinfondo-1536x485.png 1536w, https:\/\/cooperativamaino.com\/wp-content\/uploads\/2025\/08\/slider2025_sinfondo-1000x316.png 1000w, https:\/\/cooperativamaino.com\/wp-content\/uploads\/2025\/08\/slider2025_sinfondo-230x73.png 230w, https:\/\/cooperativamaino.com\/wp-content\/uploads\/2025\/08\/slider2025_sinfondo-350x111.png 350w, https:\/\/cooperativamaino.com\/wp-content\/uploads\/2025\/08\/slider2025_sinfondo-480x152.png 480w\" sizes=\"(max-width: 1900px) 100vw, 1900px\" \/>\t\t\t\t\t\t\t\t<\/a>\n\t\t\t\t\t\t\t\t\t\t\t\t\t\t\t<\/div>\n\t\t\t\t<\/div>\n\t\t\t\t\t<\/div>\n\t\t<\/div>\n\t\t\t\t\t<\/div>\n\t\t<\/section>\n\t\t\t\t<section class=\"elementor-section elementor-top-section elementor-element elementor-element-5bdac83 elementor-section-content-middle elementor-section-boxed elementor-section-height-default elementor-section-height-default\" data-id=\"5bdac83\" data-element_type=\"section\" data-settings=\"{&quot;background_background&quot;:&quot;gradient&quot;}\">\n\t\t\t\t\t\t\t<div class=\"elementor-background-overlay\"><\/div>\n\t\t\t\t\t\t\t<div class=\"elementor-container elementor-column-gap-no\">\n\t\t\t\t\t<div class=\"elementor-column elementor-col-50 elementor-top-column elementor-element elementor-element-5e929f2\" data-id=\"5e929f2\" data-element_type=\"column\">\n\t\t\t<div class=\"elementor-widget-wrap elementor-element-populated\">\n\t\t\t\t\t\t<div class=\"elementor-element elementor-element-9e13073 elementor-widget__width-initial elementor-hidden-mobile elementor-widget elementor-widget-image\" data-id=\"9e13073\" data-element_type=\"widget\" data-widget_type=\"image.default\">\n\t\t\t\t<div class=\"elementor-widget-container\">\n\t\t\t\t\t\t\t\t\t\t\t\t\t\t\t<img decoding=\"async\" width=\"1200\" height=\"1450\" src=\"https:\/\/cooperativamaino.com\/wp-content\/uploads\/2025\/01\/Quienes-somos.png\" class=\"attachment-2048x2048 size-2048x2048 wp-image-748\" alt=\"\u00bfQuienes somos?\" srcset=\"https:\/\/cooperativamaino.com\/wp-content\/uploads\/2025\/01\/Quienes-somos.png 1200w, https:\/\/cooperativamaino.com\/wp-content\/uploads\/2025\/01\/Quienes-somos-248x300.png 248w, https:\/\/cooperativamaino.com\/wp-content\/uploads\/2025\/01\/Quienes-somos-847x1024.png 847w, https:\/\/cooperativamaino.com\/wp-content\/uploads\/2025\/01\/Quienes-somos-768x928.png 768w, https:\/\/cooperativamaino.com\/wp-content\/uploads\/2025\/01\/Quienes-somos-1000x1208.png 1000w, https:\/\/cooperativamaino.com\/wp-content\/uploads\/2025\/01\/Quienes-somos-230x278.png 230w, https:\/\/cooperativamaino.com\/wp-content\/uploads\/2025\/01\/Quienes-somos-350x423.png 350w, https:\/\/cooperativamaino.com\/wp-content\/uploads\/2025\/01\/Quienes-somos-480x580.png 480w\" sizes=\"(max-width: 1200px) 100vw, 1200px\" \/>\t\t\t\t\t\t\t\t\t\t\t\t\t\t\t<\/div>\n\t\t\t\t<\/div>\n\t\t\t\t\t<\/div>\n\t\t<\/div>\n\t\t\t\t<div class=\"elementor-column elementor-col-50 elementor-top-column elementor-element elementor-element-e0ddb84\" data-id=\"e0ddb84\" data-element_type=\"column\">\n\t\t\t<div class=\"elementor-widget-wrap elementor-element-populated\">\n\t\t\t\t\t\t<div class=\"elementor-element elementor-element-91b02fd elementor-widget__width-initial elementor-widget elementor-widget-text-editor\" data-id=\"91b02fd\" data-element_type=\"widget\" data-widget_type=\"text-editor.default\">\n\t\t\t\t<div class=\"elementor-widget-container\">\n\t\t\t\t\t\t\t\t\t<p style=\"text-align: center;\"><span style=\"color: var( --e-global-color-primary ); background-color: transparent; font-family: var( --e-global-typography-primary-font-family ), Sans-serif; font-weight: var( --e-global-typography-primary-font-weight );\">\u00a0<\/span><\/p><p style=\"text-align: center;\"><span style=\"color: var( --e-global-color-primary ); background-color: transparent; font-family: var( --e-global-typography-primary-font-family ), Sans-serif; font-weight: var( --e-global-typography-primary-font-weight );\">Maino es una <\/span><b style=\"color: var( --e-global-color-primary ); background-color: transparent; font-family: var( --e-global-typography-primary-font-family ), Sans-serif;\">cooperativa educativa<\/b><span style=\"color: var( --e-global-color-primary ); background-color: transparent; font-family: var( --e-global-typography-primary-font-family ), Sans-serif; font-weight: var( --e-global-typography-primary-font-weight );\"> y de <\/span><b style=\"color: var( --e-global-color-primary ); background-color: transparent; font-family: var( --e-global-typography-primary-font-family ), Sans-serif;\">producci\u00f3n laboral<\/b><span style=\"color: var( --e-global-color-primary ); background-color: transparent; font-family: var( --e-global-typography-primary-font-family ), Sans-serif; font-weight: var( --e-global-typography-primary-font-weight );\">, habilitada por el Ministerio de Educaci\u00f3n y Cultura, que se fund\u00f3 en el a\u00f1o 2015.\u00a0<\/span><\/p><p style=\"text-align: center;\"><span style=\"color: var( --e-global-color-primary );\">Nuestra misi\u00f3n es <b>promover y garantizar los derechos<\/b> fundamentales de todas las personas, trabajando incansablemente para construir una <b>sociedad m\u00e1s justa e igualitaria<\/b>. El colectivo que la conforma tiene como fin com\u00fan trabajar desde sus formaciones para facilitar esta construcci\u00f3n.<\/span><\/p><p style=\"text-align: center;\"><span style=\"color: var( --e-global-color-primary );\">Nos comprometemos a trabajar para que <b>los derechos de ni\u00f1as,<\/b> <b>ni\u00f1os y adolescentes sean garantizados y respetados<\/b>, asegurando que tengan <b>acceso a oportunidades equitativas<\/b> a trav\u00e9s de la producci\u00f3n y gesti\u00f3n de proyectos sociales y educativos.\u00a0<\/span><\/p><p style=\"text-align: center;\"><span style=\"color: var( --e-global-color-primary );\">Brindamos una <b>atenci\u00f3n directa de calidad <\/b>as\u00ed como una constante profesionalizaci\u00f3n para la formaci\u00f3n de las personas que se orientan al trabajo social y colectivo.\u00a0<\/span><\/p><p style=\"text-align: center;\"><span style=\"color: var( --e-global-color-primary );\">Nos constituimos desde los <b>principios cooperativistas<\/b> orientando al aporte de sus constructos y saberes hacia la comunidad y su desarrollo. Con principios \u00e9ticos que, a trav\u00e9s de la educaci\u00f3n, la sensibilizaci\u00f3n y la atenci\u00f3n directa, viabilicen el acceso a derechos y a condiciones de igualdad en las poblaciones atendidas.\u00a0<\/span><\/p><p style=\"text-align: center;\"><span style=\"color: #c51a1b;\"><b><i>Fomentamos un entorno en el que la igualdad de derechos y la equidad sean una realidad tangible para todas y todos.<\/i><\/b><\/span><\/p>\t\t\t\t\t\t\t\t<\/div>\n\t\t\t\t<\/div>\n\t\t\t\t\t<\/div>\n\t\t<\/div>\n\t\t\t\t\t<\/div>\n\t\t<\/section>\n\t\t\t\t<section class=\"elementor-section elementor-top-section elementor-element elementor-element-082f192 elementor-section-content-middle elementor-section-boxed elementor-section-height-default elementor-section-height-default\" data-id=\"082f192\" data-element_type=\"section\" data-settings=\"{&quot;background_background&quot;:&quot;classic&quot;}\">\n\t\t\t\t\t\t\t<div class=\"elementor-background-overlay\"><\/div>\n\t\t\t\t\t\t\t<div class=\"elementor-container elementor-column-gap-no\">\n\t\t\t\t\t<div class=\"elementor-column elementor-col-100 elementor-top-column elementor-element elementor-element-bfce75d\" data-id=\"bfce75d\" data-element_type=\"column\">\n\t\t\t<div class=\"elementor-widget-wrap elementor-element-populated\">\n\t\t\t\t\t\t<div class=\"elementor-element elementor-element-e50d785 elementor-widget__width-initial elementor-widget elementor-widget-text-editor\" data-id=\"e50d785\" data-element_type=\"widget\" data-widget_type=\"text-editor.default\">\n\t\t\t\t<div class=\"elementor-widget-container\">\n\t\t\t\t\t\t\t\t\t<p style=\"text-align: center;\"><span style=\"color: #ffffff;\">\u00a0<\/span><span style=\"color: #ffffff; font-family: var( --e-global-typography-primary-font-family ), Sans-serif; font-weight: var( --e-global-typography-primary-font-weight );\">\u00a0<\/span><\/p><p style=\"text-align: center;\"><span style=\"color: #ffffff;\">Nuestra visi\u00f3n es ser representantes en la<b> promoci\u00f3n y defensa de los derechos<\/b> as\u00ed como en su <b>restituci\u00f3n<\/b>; estableciendo un modelo de calidad en la formaci\u00f3n de <b>profesionales altamente competentes y emp\u00e1ticos<\/b>.<\/span><\/p><p style=\"text-align: center;\"><span style=\"color: #ffffff;\"><b>Imaginamos una sociedad con oportunidades justas e igualitarias<\/b> a trav\u00e9s de la formaci\u00f3n continua y el compromiso con la equidad. Aspiramos a construir un futuro en el que la <b>justicia social<\/b> y el <b>respeto mutuo<\/b> sean pilares fundamentales, creando as\u00ed un entorno inclusivo y equitativo para todas las personas.<\/span><\/p><p style=\"text-align: center;\">\u00a0<\/p>\t\t\t\t\t\t\t\t<\/div>\n\t\t\t\t<\/div>\n\t\t\t\t\t<\/div>\n\t\t<\/div>\n\t\t\t\t\t<\/div>\n\t\t<\/section>\n\t\t\t\t<section class=\"elementor-section elementor-top-section elementor-element elementor-element-044c704 elementor-section-content-middle elementor-section-boxed elementor-section-height-default elementor-section-height-default\" data-id=\"044c704\" data-element_type=\"section\" data-settings=\"{&quot;background_background&quot;:&quot;gradient&quot;}\">\n\t\t\t\t\t\t\t<div class=\"elementor-background-overlay\"><\/div>\n\t\t\t\t\t\t\t<div class=\"elementor-container elementor-column-gap-no\">\n\t\t\t\t\t<div class=\"elementor-column elementor-col-50 elementor-top-column elementor-element elementor-element-304e972\" data-id=\"304e972\" data-element_type=\"column\">\n\t\t\t<div class=\"elementor-widget-wrap elementor-element-populated\">\n\t\t\t\t\t\t<div class=\"elementor-element elementor-element-8affc66 elementor-widget elementor-widget-image\" data-id=\"8affc66\" data-element_type=\"widget\" data-widget_type=\"image.default\">\n\t\t\t\t<div class=\"elementor-widget-container\">\n\t\t\t\t\t\t\t\t\t\t\t\t\t\t\t\t<a href=\"https:\/\/cooperativamaino.com\/index.php\/caffluisaluisi\/\">\n\t\t\t\t\t\t\t<img decoding=\"async\" width=\"1024\" height=\"472\" src=\"https:\/\/cooperativamaino.com\/wp-content\/uploads\/2025\/02\/caff_luisa_luisi_II-1024x472.png\" class=\"attachment-large size-large wp-image-1530\" alt=\"CAFF Luisa Luisi II\" srcset=\"https:\/\/cooperativamaino.com\/wp-content\/uploads\/2025\/02\/caff_luisa_luisi_II-1024x472.png 1024w, https:\/\/cooperativamaino.com\/wp-content\/uploads\/2025\/02\/caff_luisa_luisi_II-300x138.png 300w, https:\/\/cooperativamaino.com\/wp-content\/uploads\/2025\/02\/caff_luisa_luisi_II-768x354.png 768w, https:\/\/cooperativamaino.com\/wp-content\/uploads\/2025\/02\/caff_luisa_luisi_II-1000x461.png 1000w, https:\/\/cooperativamaino.com\/wp-content\/uploads\/2025\/02\/caff_luisa_luisi_II-230x106.png 230w, https:\/\/cooperativamaino.com\/wp-content\/uploads\/2025\/02\/caff_luisa_luisi_II-350x161.png 350w, https:\/\/cooperativamaino.com\/wp-content\/uploads\/2025\/02\/caff_luisa_luisi_II-480x221.png 480w, https:\/\/cooperativamaino.com\/wp-content\/uploads\/2025\/02\/caff_luisa_luisi_II.png 1084w\" sizes=\"(max-width: 1024px) 100vw, 1024px\" \/>\t\t\t\t\t\t\t\t<\/a>\n\t\t\t\t\t\t\t\t\t\t\t\t\t\t\t<\/div>\n\t\t\t\t<\/div>\n\t\t\t\t<div class=\"elementor-element elementor-element-b6da90b elementor-widget elementor-widget-image\" data-id=\"b6da90b\" data-element_type=\"widget\" data-widget_type=\"image.default\">\n\t\t\t\t<div class=\"elementor-widget-container\">\n\t\t\t\t\t\t\t\t\t\t\t\t\t\t\t\t<a href=\"https:\/\/cooperativamaino.com\/index.php\/caff-idea-vilarino\/\">\n\t\t\t\t\t\t\t<img loading=\"lazy\" decoding=\"async\" width=\"1024\" height=\"472\" src=\"https:\/\/cooperativamaino.com\/wp-content\/uploads\/2025\/01\/CAFF_idea-1024x472.png\" class=\"attachment-large size-large wp-image-828\" alt=\"CAFF IDEA VILARI\u00d1O\" srcset=\"https:\/\/cooperativamaino.com\/wp-content\/uploads\/2025\/01\/CAFF_idea-1024x472.png 1024w, https:\/\/cooperativamaino.com\/wp-content\/uploads\/2025\/01\/CAFF_idea-300x138.png 300w, https:\/\/cooperativamaino.com\/wp-content\/uploads\/2025\/01\/CAFF_idea-768x354.png 768w, https:\/\/cooperativamaino.com\/wp-content\/uploads\/2025\/01\/CAFF_idea-1000x461.png 1000w, https:\/\/cooperativamaino.com\/wp-content\/uploads\/2025\/01\/CAFF_idea-230x106.png 230w, https:\/\/cooperativamaino.com\/wp-content\/uploads\/2025\/01\/CAFF_idea-350x161.png 350w, https:\/\/cooperativamaino.com\/wp-content\/uploads\/2025\/01\/CAFF_idea-480x221.png 480w, https:\/\/cooperativamaino.com\/wp-content\/uploads\/2025\/01\/CAFF_idea.png 1084w\" sizes=\"(max-width: 1024px) 100vw, 1024px\" \/>\t\t\t\t\t\t\t\t<\/a>\n\t\t\t\t\t\t\t\t\t\t\t\t\t\t\t<\/div>\n\t\t\t\t<\/div>\n\t\t\t\t\t<\/div>\n\t\t<\/div>\n\t\t\t\t<div class=\"elementor-column elementor-col-50 elementor-top-column elementor-element elementor-element-9810767\" data-id=\"9810767\" data-element_type=\"column\">\n\t\t\t<div class=\"elementor-widget-wrap elementor-element-populated\">\n\t\t\t\t\t\t<div class=\"elementor-element elementor-element-90be894 elementor-widget__width-initial elementor-hidden-mobile elementor-widget elementor-widget-image\" data-id=\"90be894\" data-element_type=\"widget\" data-widget_type=\"image.default\">\n\t\t\t\t<div class=\"elementor-widget-container\">\n\t\t\t\t\t\t\t\t\t\t\t\t\t\t\t<img loading=\"lazy\" decoding=\"async\" width=\"550\" height=\"400\" src=\"https:\/\/cooperativamaino.com\/wp-content\/uploads\/2025\/01\/nuestros_proyectos-550x400.png\" class=\"attachment-sydney-medium-thumb size-sydney-medium-thumb wp-image-805\" alt=\"Nuestros Proyectos\" \/>\t\t\t\t\t\t\t\t\t\t\t\t\t\t\t<\/div>\n\t\t\t\t<\/div>\n\t\t\t\t\t<\/div>\n\t\t<\/div>\n\t\t\t\t\t<\/div>\n\t\t<\/section>\n\t\t\t\t<\/div>\n\t\t","protected":false},"excerpt":{"rendered":"<p>\u00a0 Maino es una cooperativa educativa y de producci\u00f3n laboral, habilitada por el Ministerio de Educaci\u00f3n y Cultura, que se fund\u00f3 en el a\u00f1o 2015.\u00a0 [&hellip;]<\/p>\n","protected":false},"author":1,"featured_media":0,"parent":0,"menu_order":0,"comment_status":"closed","ping_status":"closed","template":"page-templates\/page_front-page.php","meta":{"footnotes":""},"class_list":["post-600","page","type-page","status-publish","hentry"],"_links":{"self":[{"href":"https:\/\/cooperativamaino.com\/index.php\/wp-json\/wp\/v2\/pages\/600","targetHints":{"allow":["GET"]}}],"collection":[{"href":"https:\/\/cooperativamaino.com\/index.php\/wp-json\/wp\/v2\/pages"}],"about":[{"href":"https:\/\/cooperativamaino.com\/index.php\/wp-json\/wp\/v2\/types\/page"}],"author":[{"embeddable":true,"href":"https:\/\/cooperativamaino.com\/index.php\/wp-json\/wp\/v2\/users\/1"}],"replies":[{"embeddable":true,"href":"https:\/\/cooperativamaino.com\/index.php\/wp-json\/wp\/v2\/comments?post=600"}],"version-history":[{"count":211,"href":"https:\/\/cooperativamaino.com\/index.php\/wp-json\/wp\/v2\/pages\/600\/revisions"}],"predecessor-version":[{"id":1814,"href":"https:\/\/cooperativamaino.com\/index.php\/wp-json\/wp\/v2\/pages\/600\/revisions\/1814"}],"wp:attachment":[{"href":"https:\/\/cooperativamaino.com\/index.php\/wp-json\/wp\/v2\/media?parent=600"}],"curies":[{"name":"wp","href":"https:\/\/api.w.org\/{rel}","templated":true}]}}