{"id":844,"date":"2025-01-29T20:32:39","date_gmt":"2025-01-29T20:32:39","guid":{"rendered":"https:\/\/cooperativamaino.com\/?page_id=844"},"modified":"2025-02-04T21:33:54","modified_gmt":"2025-02-04T21:33:54","slug":"caff_luisa_luisi","status":"publish","type":"page","link":"https:\/\/cooperativamaino.com\/index.php\/caff_luisa_luisi\/","title":{"rendered":"CAFF_Luisa_Luisi"},"content":{"rendered":"\t\t<div data-elementor-type=\"wp-page\" data-elementor-id=\"844\" class=\"elementor elementor-844\">\n\t\t\t\t\t\t<section class=\"elementor-section elementor-top-section elementor-element elementor-element-473dac4 elementor-section-content-middle elementor-section-boxed elementor-section-height-default elementor-section-height-default\" data-id=\"473dac4\" data-element_type=\"section\" data-settings=\"{&quot;background_background&quot;:&quot;gradient&quot;}\">\n\t\t\t\t\t\t\t<div class=\"elementor-background-overlay\"><\/div>\n\t\t\t\t\t\t\t<div class=\"elementor-container elementor-column-gap-no\">\n\t\t\t\t\t<div class=\"elementor-column elementor-col-50 elementor-top-column elementor-element elementor-element-90e8941\" data-id=\"90e8941\" data-element_type=\"column\">\n\t\t\t<div class=\"elementor-widget-wrap elementor-element-populated\">\n\t\t\t\t\t\t<div class=\"elementor-element elementor-element-4dd4252 elementor-widget__width-initial elementor-widget elementor-widget-image\" data-id=\"4dd4252\" data-element_type=\"widget\" data-widget_type=\"image.default\">\n\t\t\t\t<div class=\"elementor-widget-container\">\n\t\t\t\t\t\t\t\t\t\t\t\t\t\t\t<img fetchpriority=\"high\" decoding=\"async\" width=\"547\" height=\"247\" src=\"https:\/\/cooperativamaino.com\/wp-content\/uploads\/2025\/01\/logo_luisaluisi_sinfondo_textoderecha.png\" class=\"attachment-large size-large wp-image-847\" alt=\"Luisa Luisi\" srcset=\"https:\/\/cooperativamaino.com\/wp-content\/uploads\/2025\/01\/logo_luisaluisi_sinfondo_textoderecha.png 547w, https:\/\/cooperativamaino.com\/wp-content\/uploads\/2025\/01\/logo_luisaluisi_sinfondo_textoderecha-300x135.png 300w, https:\/\/cooperativamaino.com\/wp-content\/uploads\/2025\/01\/logo_luisaluisi_sinfondo_textoderecha-230x104.png 230w, https:\/\/cooperativamaino.com\/wp-content\/uploads\/2025\/01\/logo_luisaluisi_sinfondo_textoderecha-350x158.png 350w, https:\/\/cooperativamaino.com\/wp-content\/uploads\/2025\/01\/logo_luisaluisi_sinfondo_textoderecha-480x217.png 480w\" sizes=\"(max-width: 547px) 100vw, 547px\" \/>\t\t\t\t\t\t\t\t\t\t\t\t\t\t\t<\/div>\n\t\t\t\t<\/div>\n\t\t\t\t\t<\/div>\n\t\t<\/div>\n\t\t\t\t<div class=\"elementor-column elementor-col-50 elementor-top-column elementor-element elementor-element-7a25296\" data-id=\"7a25296\" data-element_type=\"column\">\n\t\t\t<div class=\"elementor-widget-wrap elementor-element-populated\">\n\t\t\t\t\t\t<div class=\"elementor-element elementor-element-69e9c76 elementor-widget__width-initial elementor-widget elementor-widget-text-editor\" data-id=\"69e9c76\" data-element_type=\"widget\" data-widget_type=\"text-editor.default\">\n\t\t\t\t<div class=\"elementor-widget-container\">\n\t\t\t\t\t\t\t\t\t<p><span style=\"color: #808080;\">El objetivo principal es <b>garantizar el derecho<\/b> de cada ni\u00f1o y ni\u00f1a <b>a vivir en familia<\/b> y favorecer su bienestar y desarrollo.<\/span><\/p>\t\t\t\t\t\t\t\t<\/div>\n\t\t\t\t<\/div>\n\t\t\t\t\t<\/div>\n\t\t<\/div>\n\t\t\t\t\t<\/div>\n\t\t<\/section>\n\t\t\t\t<section class=\"elementor-section elementor-top-section elementor-element elementor-element-ee746d7 elementor-section-content-middle elementor-section-boxed elementor-section-height-default elementor-section-height-default\" data-id=\"ee746d7\" data-element_type=\"section\" data-settings=\"{&quot;background_background&quot;:&quot;gradient&quot;}\">\n\t\t\t\t\t\t\t<div class=\"elementor-background-overlay\"><\/div>\n\t\t\t\t\t\t\t<div class=\"elementor-container elementor-column-gap-no\">\n\t\t\t\t\t<div class=\"elementor-column elementor-col-50 elementor-top-column elementor-element elementor-element-9fa403a\" data-id=\"9fa403a\" data-element_type=\"column\">\n\t\t\t<div class=\"elementor-widget-wrap elementor-element-populated\">\n\t\t\t\t\t\t<div class=\"elementor-element elementor-element-6c3bb03 elementor-widget__width-initial elementor-widget elementor-widget-image\" data-id=\"6c3bb03\" data-element_type=\"widget\" data-widget_type=\"image.default\">\n\t\t\t\t<div class=\"elementor-widget-container\">\n\t\t\t\t\t\t\t\t\t\t\t\t\t\t\t<img decoding=\"async\" width=\"1024\" height=\"853\" src=\"https:\/\/cooperativamaino.com\/wp-content\/uploads\/2025\/01\/caff_que_hacemos-1024x853.png\" class=\"attachment-large size-large wp-image-846\" alt=\"\u00bfQu\u00e9 hacemos?\" srcset=\"https:\/\/cooperativamaino.com\/wp-content\/uploads\/2025\/01\/caff_que_hacemos-1024x853.png 1024w, https:\/\/cooperativamaino.com\/wp-content\/uploads\/2025\/01\/caff_que_hacemos-300x250.png 300w, https:\/\/cooperativamaino.com\/wp-content\/uploads\/2025\/01\/caff_que_hacemos-768x640.png 768w, https:\/\/cooperativamaino.com\/wp-content\/uploads\/2025\/01\/caff_que_hacemos-1000x833.png 1000w, https:\/\/cooperativamaino.com\/wp-content\/uploads\/2025\/01\/caff_que_hacemos-230x192.png 230w, https:\/\/cooperativamaino.com\/wp-content\/uploads\/2025\/01\/caff_que_hacemos-350x292.png 350w, https:\/\/cooperativamaino.com\/wp-content\/uploads\/2025\/01\/caff_que_hacemos-480x400.png 480w, https:\/\/cooperativamaino.com\/wp-content\/uploads\/2025\/01\/caff_que_hacemos.png 1500w\" sizes=\"(max-width: 1024px) 100vw, 1024px\" \/>\t\t\t\t\t\t\t\t\t\t\t\t\t\t\t<\/div>\n\t\t\t\t<\/div>\n\t\t\t\t\t<\/div>\n\t\t<\/div>\n\t\t\t\t<div class=\"elementor-column elementor-col-50 elementor-top-column elementor-element elementor-element-96438cc\" data-id=\"96438cc\" data-element_type=\"column\" data-settings=\"{&quot;background_background&quot;:&quot;classic&quot;}\">\n\t\t\t<div class=\"elementor-widget-wrap elementor-element-populated\">\n\t\t\t\t\t\t<div class=\"elementor-element elementor-element-aedaaaa elementor-widget__width-initial elementor-widget elementor-widget-text-editor\" data-id=\"aedaaaa\" data-element_type=\"widget\" data-widget_type=\"text-editor.default\">\n\t\t\t\t<div class=\"elementor-widget-container\">\n\t\t\t\t\t\t\t\t\t<p style=\"text-align: center;\">\u00a0<span style=\"color: #ffffff;\">Luisa Luisi es un proyecto ubicado en Montevideo, dedicado a ofrecer <b>atenci\u00f3n integral a ni\u00f1os y ni\u00f1as, as\u00ed como a sus familias<\/b>. Tambi\u00e9n a conectar a familias interesadas en convertise en <b>Famlias Amigas<\/b> con ni\u00f1as y ni\u00f1os que no pueden ser reintegrados a su familia de origen.<\/span><\/p><p style=\"text-align: center;\"><span style=\"color: #ffffff;\">Proporcionamos <b>soluciones tanto transitorias como definitivas<\/b> para garantizar que los ni\u00f1os y ni\u00f1as vivan en un <b>entorno adecuado para su pleno desarrollo<\/b> a trav\u00e9s de nuestra modalidad de hogar residencial.<\/span><\/p><p style=\"text-align: center;\"><span style=\"color: #ffffff;\">Realizamos un seguimiento territorial en diversos barrios de Montevideo, ofreciendo soportes t\u00e9cnicos y materiales a familias con ni\u00f1os y ni\u00f1as a su cargo.<\/span><\/p><p style=\"text-align: center;\"><span style=\"color: #ffffff;\">Nos enfocamos en <b>apoyar a las familias para que recuperen y fortalezcan sus capacidades de cuidado<\/b> asegurando as\u00ed una vida en familia adecuada y saludable.<br \/>Tambi\u00e9n en que ni\u00f1os y ni\u00f1as accedan a un adecuado desarrollo de acuerdo a su autonom\u00f1ia progresiva y su inclusi\u00f3n en la comunidad.<\/span><\/p>\t\t\t\t\t\t\t\t<\/div>\n\t\t\t\t<\/div>\n\t\t\t\t\t<\/div>\n\t\t<\/div>\n\t\t\t\t\t<\/div>\n\t\t<\/section>\n\t\t\t\t<section class=\"elementor-section elementor-top-section elementor-element elementor-element-082f192 elementor-section-content-middle elementor-section-boxed elementor-section-height-default elementor-section-height-default\" data-id=\"082f192\" data-element_type=\"section\" data-settings=\"{&quot;background_background&quot;:&quot;classic&quot;}\">\n\t\t\t\t\t\t\t<div class=\"elementor-background-overlay\"><\/div>\n\t\t\t\t\t\t\t<div class=\"elementor-container elementor-column-gap-no\">\n\t\t\t\t\t<div class=\"elementor-column elementor-col-100 elementor-top-column elementor-element elementor-element-bfce75d\" data-id=\"bfce75d\" data-element_type=\"column\">\n\t\t\t<div class=\"elementor-widget-wrap elementor-element-populated\">\n\t\t\t\t\t\t<div class=\"elementor-element elementor-element-e50d785 elementor-widget__width-initial elementor-widget elementor-widget-text-editor\" data-id=\"e50d785\" data-element_type=\"widget\" data-widget_type=\"text-editor.default\">\n\t\t\t\t<div class=\"elementor-widget-container\">\n\t\t\t\t\t\t\t\t\t<p style=\"text-align: center;\"><span style=\"color: #003263;\">\u00a0<\/span><\/p><p style=\"text-align: center;\"><span style=\"color: #003263;\"><b>Nuestras estrategias de intervenci\u00f3n y atenci\u00f3n<\/b> se fundamentan en el<b> respeto por la diversidad y la promoci\u00f3n de pr\u00e1ctias \u00e9ticas <\/b>que aseguren las mejores condiciones posibles para ni\u00f1os y ni\u00f1as. Estamos comprometidos con la<b> formaci\u00f3n y la evaluaci\u00f3n constante de nuestras y nuestros agentes<\/b> interventores para asegurar un <b>tabajo profesional y sensible.<\/b><\/span><\/p><p><span style=\"color: #003263;\">Trabajamos para generar y fomentar <b>cambios positivos<\/b> mediante la construcci\u00f3n de <b>vinculos significativos, de calidad y cercanos<\/b>. Creemos que una pr\u00e1ctica social profesional efectiva debe estar basada en la afectividad y el compromiso, entendiendo que el acceso a la cultura y la comunidad debe estar facilitado para ampliar el mundo simb\u00f3lico de los ni\u00f1os y ni\u00f1as.<\/span><\/p><p><span style=\"color: #003263;\">Nuestro objetivo es generar acciones para que las infancias se enriquezcan y amplien, que permitiendo <b>que los ni\u00f1os y ni\u00f1as disfruten de un desarrollo integral y pleno.<\/b><\/span><\/p><p>\u00a0<\/p>\t\t\t\t\t\t\t\t<\/div>\n\t\t\t\t<\/div>\n\t\t\t\t\t<\/div>\n\t\t<\/div>\n\t\t\t\t\t<\/div>\n\t\t<\/section>\n\t\t\t\t<section class=\"elementor-section elementor-top-section elementor-element elementor-element-044c704 elementor-section-content-middle elementor-section-boxed elementor-section-height-default elementor-section-height-default\" data-id=\"044c704\" data-element_type=\"section\" data-settings=\"{&quot;background_background&quot;:&quot;classic&quot;}\">\n\t\t\t\t\t\t\t<div class=\"elementor-background-overlay\"><\/div>\n\t\t\t\t\t\t\t<div class=\"elementor-container elementor-column-gap-no\">\n\t\t\t\t\t<div class=\"elementor-column elementor-col-100 elementor-top-column elementor-element elementor-element-304e972\" data-id=\"304e972\" data-element_type=\"column\">\n\t\t\t<div class=\"elementor-widget-wrap elementor-element-populated\">\n\t\t\t\t\t\t<div class=\"elementor-element elementor-element-e0b4c74 elementor-widget__width-initial elementor-widget-mobile__width-initial elementor-widget elementor-widget-image\" data-id=\"e0b4c74\" data-element_type=\"widget\" data-widget_type=\"image.default\">\n\t\t\t\t<div class=\"elementor-widget-container\">\n\t\t\t\t\t\t\t\t\t\t\t\t\t\t\t\t<a href=\"https:\/\/cooperativamaino.com\/index.php\/familia-amiga-mas-info\/\">\n\t\t\t\t\t\t\t<img decoding=\"async\" width=\"1024\" height=\"394\" src=\"https:\/\/cooperativamaino.com\/wp-content\/uploads\/2025\/01\/slider_luisaluisi-1024x394.jpeg\" class=\"attachment-large size-large wp-image-897\" alt=\"\" srcset=\"https:\/\/cooperativamaino.com\/wp-content\/uploads\/2025\/01\/slider_luisaluisi-1024x394.jpeg 1024w, https:\/\/cooperativamaino.com\/wp-content\/uploads\/2025\/01\/slider_luisaluisi-300x115.jpeg 300w, https:\/\/cooperativamaino.com\/wp-content\/uploads\/2025\/01\/slider_luisaluisi-768x295.jpeg 768w, https:\/\/cooperativamaino.com\/wp-content\/uploads\/2025\/01\/slider_luisaluisi-1536x590.jpeg 1536w, https:\/\/cooperativamaino.com\/wp-content\/uploads\/2025\/01\/slider_luisaluisi-2048x787.jpeg 2048w, https:\/\/cooperativamaino.com\/wp-content\/uploads\/2025\/01\/slider_luisaluisi-1000x384.jpeg 1000w, https:\/\/cooperativamaino.com\/wp-content\/uploads\/2025\/01\/slider_luisaluisi-230x88.jpeg 230w, https:\/\/cooperativamaino.com\/wp-content\/uploads\/2025\/01\/slider_luisaluisi-350x135.jpeg 350w, https:\/\/cooperativamaino.com\/wp-content\/uploads\/2025\/01\/slider_luisaluisi-480x185.jpeg 480w\" sizes=\"(max-width: 1024px) 100vw, 1024px\" \/>\t\t\t\t\t\t\t\t<\/a>\n\t\t\t\t\t\t\t\t\t\t\t\t\t\t\t<\/div>\n\t\t\t\t<\/div>\n\t\t\t\t\t<\/div>\n\t\t<\/div>\n\t\t\t\t\t<\/div>\n\t\t<\/section>\n\t\t\t\t<\/div>\n\t\t","protected":false},"excerpt":{"rendered":"<p>El objetivo principal es garantizar el derecho de cada ni\u00f1o y ni\u00f1a a vivir en familia y favorecer su bienestar y desarrollo. \u00a0Luisa Luisi es [&hellip;]<\/p>\n","protected":false},"author":1,"featured_media":0,"parent":0,"menu_order":0,"comment_status":"closed","ping_status":"closed","template":"page-templates\/page_front-page.php","meta":{"footnotes":""},"class_list":["post-844","page","type-page","status-publish","hentry"],"_links":{"self":[{"href":"https:\/\/cooperativamaino.com\/index.php\/wp-json\/wp\/v2\/pages\/844","targetHints":{"allow":["GET"]}}],"collection":[{"href":"https:\/\/cooperativamaino.com\/index.php\/wp-json\/wp\/v2\/pages"}],"about":[{"href":"https:\/\/cooperativamaino.com\/index.php\/wp-json\/wp\/v2\/types\/page"}],"author":[{"embeddable":true,"href":"https:\/\/cooperativamaino.com\/index.php\/wp-json\/wp\/v2\/users\/1"}],"replies":[{"embeddable":true,"href":"https:\/\/cooperativamaino.com\/index.php\/wp-json\/wp\/v2\/comments?post=844"}],"version-history":[{"count":43,"href":"https:\/\/cooperativamaino.com\/index.php\/wp-json\/wp\/v2\/pages\/844\/revisions"}],"predecessor-version":[{"id":1124,"href":"https:\/\/cooperativamaino.com\/index.php\/wp-json\/wp\/v2\/pages\/844\/revisions\/1124"}],"wp:attachment":[{"href":"https:\/\/cooperativamaino.com\/index.php\/wp-json\/wp\/v2\/media?parent=844"}],"curies":[{"name":"wp","href":"https:\/\/api.w.org\/{rel}","templated":true}]}}