{"id":969,"date":"2025-02-04T19:35:08","date_gmt":"2025-02-04T19:35:08","guid":{"rendered":"https:\/\/cooperativamaino.com\/?page_id=969"},"modified":"2025-02-04T22:26:07","modified_gmt":"2025-02-04T22:26:07","slug":"familia-amiga-mas-info","status":"publish","type":"page","link":"https:\/\/cooperativamaino.com\/index.php\/familia-amiga-mas-info\/","title":{"rendered":"FAMILIA AMIGA"},"content":{"rendered":"\t\t<div data-elementor-type=\"wp-page\" data-elementor-id=\"969\" class=\"elementor elementor-969\">\n\t\t\t\t\t\t<section class=\"elementor-section elementor-top-section elementor-element elementor-element-473dac4 elementor-section-content-middle elementor-section-boxed elementor-section-height-default elementor-section-height-default\" data-id=\"473dac4\" data-element_type=\"section\" data-settings=\"{&quot;background_background&quot;:&quot;classic&quot;}\">\n\t\t\t\t\t\t\t<div class=\"elementor-background-overlay\"><\/div>\n\t\t\t\t\t\t\t<div class=\"elementor-container elementor-column-gap-no\">\n\t\t\t\t\t<div class=\"elementor-column elementor-col-100 elementor-top-column elementor-element elementor-element-90e8941\" data-id=\"90e8941\" data-element_type=\"column\">\n\t\t\t<div class=\"elementor-widget-wrap elementor-element-populated\">\n\t\t\t\t<div class=\"elementor-element elementor-element-d0bbe44 e-con-full e-flex e-con e-parent\" data-id=\"d0bbe44\" data-element_type=\"container\" data-settings=\"{&quot;background_background&quot;:&quot;slideshow&quot;,&quot;background_slideshow_gallery&quot;:[{&quot;id&quot;:971,&quot;url&quot;:&quot;https:\\\/\\\/cooperativamaino.com\\\/wp-content\\\/uploads\\\/2025\\\/02\\\/familia_amiga_encabezado.png&quot;}],&quot;background_slideshow_loop&quot;:&quot;yes&quot;,&quot;background_slideshow_slide_duration&quot;:5000,&quot;background_slideshow_slide_transition&quot;:&quot;fade&quot;,&quot;background_slideshow_transition_duration&quot;:500}\">\n\t\t\t\t<\/div>\n\t\t\t\t\t<\/div>\n\t\t<\/div>\n\t\t\t\t\t<\/div>\n\t\t<\/section>\n\t\t\t\t<section class=\"elementor-section elementor-top-section elementor-element elementor-element-082f192 elementor-section-content-middle elementor-section-boxed elementor-section-height-default elementor-section-height-default\" data-id=\"082f192\" data-element_type=\"section\" data-settings=\"{&quot;background_background&quot;:&quot;classic&quot;}\">\n\t\t\t\t\t\t\t<div class=\"elementor-background-overlay\"><\/div>\n\t\t\t\t\t\t\t<div class=\"elementor-container elementor-column-gap-no\">\n\t\t\t\t\t<div class=\"elementor-column elementor-col-100 elementor-top-column elementor-element elementor-element-bfce75d\" data-id=\"bfce75d\" data-element_type=\"column\">\n\t\t\t<div class=\"elementor-widget-wrap elementor-element-populated\">\n\t\t\t\t\t\t<div class=\"elementor-element elementor-element-e50d785 elementor-widget__width-initial elementor-widget elementor-widget-text-editor\" data-id=\"e50d785\" data-element_type=\"widget\" data-widget_type=\"text-editor.default\">\n\t\t\t\t<div class=\"elementor-widget-container\">\n\t\t\t\t\t\t\t\t\t<p>\u00a0<\/p><p style=\"text-align: center;\"><span style=\"color: #003263;\">Es una iniciativa del <b>INAU<\/b>, que busca que todo ni\u00f1o, ni\u00f1a y adolescente pueda ejercer su derecho a <b>vivir en familia<\/b> cuando existen impedimientos par ahacerlo con la familia de origen.\u00a0<\/span><\/p><p style=\"text-align: center;\"><span style=\"color: #003263;\">Se trata de convocar a <b>familias solidarias que reciban en forma transitoria al ni\u00f1o, ni\u00f1a o adolescenete<\/b> hasta que pueda regresar a su familia de origen, o hasta que se encuentre una soluci\u00f3n familiar definitiva, a trav\u00e9s de una familia inscripta en el Registro \u00danico de Aspirantes a la Adopici\u00f3n (RUA)..<\/span><\/p>\t\t\t\t\t\t\t\t<\/div>\n\t\t\t\t<\/div>\n\t\t\t\t\t<\/div>\n\t\t<\/div>\n\t\t\t\t\t<\/div>\n\t\t<\/section>\n\t\t<div class=\"elementor-element elementor-element-413edc5 e-grid e-con-boxed e-con e-parent\" data-id=\"413edc5\" data-element_type=\"container\">\n\t\t\t\t\t<div class=\"e-con-inner\">\n\t\t\t\t<div class=\"elementor-element elementor-element-2ab87bb elementor-widget elementor-widget-image\" data-id=\"2ab87bb\" data-element_type=\"widget\" data-widget_type=\"image.default\">\n\t\t\t\t<div class=\"elementor-widget-container\">\n\t\t\t\t\t\t\t\t\t\t\t\t\t\t\t\t<a href=\"#quienpuede\">\n\t\t\t\t\t\t\t<img fetchpriority=\"high\" decoding=\"async\" width=\"1024\" height=\"303\" src=\"https:\/\/cooperativamaino.com\/wp-content\/uploads\/2025\/02\/quien_puede_btn-1024x303.png\" class=\"attachment-large size-large wp-image-976\" alt=\"Qui\u00e9n puede ser Familia Amiga?\" srcset=\"https:\/\/cooperativamaino.com\/wp-content\/uploads\/2025\/02\/quien_puede_btn-1024x303.png 1024w, https:\/\/cooperativamaino.com\/wp-content\/uploads\/2025\/02\/quien_puede_btn-300x89.png 300w, https:\/\/cooperativamaino.com\/wp-content\/uploads\/2025\/02\/quien_puede_btn-768x227.png 768w, https:\/\/cooperativamaino.com\/wp-content\/uploads\/2025\/02\/quien_puede_btn-1536x454.png 1536w, https:\/\/cooperativamaino.com\/wp-content\/uploads\/2025\/02\/quien_puede_btn-1000x295.png 1000w, https:\/\/cooperativamaino.com\/wp-content\/uploads\/2025\/02\/quien_puede_btn-230x68.png 230w, https:\/\/cooperativamaino.com\/wp-content\/uploads\/2025\/02\/quien_puede_btn-350x103.png 350w, https:\/\/cooperativamaino.com\/wp-content\/uploads\/2025\/02\/quien_puede_btn-480x142.png 480w, https:\/\/cooperativamaino.com\/wp-content\/uploads\/2025\/02\/quien_puede_btn.png 1743w\" sizes=\"(max-width: 1024px) 100vw, 1024px\" \/>\t\t\t\t\t\t\t\t<\/a>\n\t\t\t\t\t\t\t\t\t\t\t\t\t\t\t<\/div>\n\t\t\t\t<\/div>\n\t\t\t\t<div class=\"elementor-element elementor-element-21d5030 elementor-widget elementor-widget-image\" data-id=\"21d5030\" data-element_type=\"widget\" data-widget_type=\"image.default\">\n\t\t\t\t<div class=\"elementor-widget-container\">\n\t\t\t\t\t\t\t\t\t\t\t\t\t\t\t\t<a href=\"#queimplica\">\n\t\t\t\t\t\t\t<img decoding=\"async\" width=\"1024\" height=\"303\" src=\"https:\/\/cooperativamaino.com\/wp-content\/uploads\/2025\/02\/que_implica_btn-1024x303.png\" class=\"attachment-large size-large wp-image-975\" alt=\"Qu\u00e9 implica?\" srcset=\"https:\/\/cooperativamaino.com\/wp-content\/uploads\/2025\/02\/que_implica_btn-1024x303.png 1024w, https:\/\/cooperativamaino.com\/wp-content\/uploads\/2025\/02\/que_implica_btn-300x89.png 300w, https:\/\/cooperativamaino.com\/wp-content\/uploads\/2025\/02\/que_implica_btn-768x227.png 768w, https:\/\/cooperativamaino.com\/wp-content\/uploads\/2025\/02\/que_implica_btn-1536x454.png 1536w, https:\/\/cooperativamaino.com\/wp-content\/uploads\/2025\/02\/que_implica_btn-1000x295.png 1000w, https:\/\/cooperativamaino.com\/wp-content\/uploads\/2025\/02\/que_implica_btn-230x68.png 230w, https:\/\/cooperativamaino.com\/wp-content\/uploads\/2025\/02\/que_implica_btn-350x103.png 350w, https:\/\/cooperativamaino.com\/wp-content\/uploads\/2025\/02\/que_implica_btn-480x142.png 480w, https:\/\/cooperativamaino.com\/wp-content\/uploads\/2025\/02\/que_implica_btn.png 1743w\" sizes=\"(max-width: 1024px) 100vw, 1024px\" \/>\t\t\t\t\t\t\t\t<\/a>\n\t\t\t\t\t\t\t\t\t\t\t\t\t\t\t<\/div>\n\t\t\t\t<\/div>\n\t\t\t\t<div class=\"elementor-element elementor-element-dbfde4f elementor-widget elementor-widget-image\" data-id=\"dbfde4f\" data-element_type=\"widget\" data-widget_type=\"image.default\">\n\t\t\t\t<div class=\"elementor-widget-container\">\n\t\t\t\t\t\t\t\t\t\t\t\t\t\t\t\t<a href=\"#comoser\">\n\t\t\t\t\t\t\t<img decoding=\"async\" width=\"1024\" height=\"303\" src=\"https:\/\/cooperativamaino.com\/wp-content\/uploads\/2025\/02\/como_ser_btn-1024x303.png\" class=\"attachment-large size-large wp-image-972\" alt=\"C\u00f3mo ser?\" srcset=\"https:\/\/cooperativamaino.com\/wp-content\/uploads\/2025\/02\/como_ser_btn-1024x303.png 1024w, https:\/\/cooperativamaino.com\/wp-content\/uploads\/2025\/02\/como_ser_btn-300x89.png 300w, https:\/\/cooperativamaino.com\/wp-content\/uploads\/2025\/02\/como_ser_btn-768x227.png 768w, https:\/\/cooperativamaino.com\/wp-content\/uploads\/2025\/02\/como_ser_btn-1536x454.png 1536w, https:\/\/cooperativamaino.com\/wp-content\/uploads\/2025\/02\/como_ser_btn-1000x295.png 1000w, https:\/\/cooperativamaino.com\/wp-content\/uploads\/2025\/02\/como_ser_btn-230x68.png 230w, https:\/\/cooperativamaino.com\/wp-content\/uploads\/2025\/02\/como_ser_btn-350x103.png 350w, https:\/\/cooperativamaino.com\/wp-content\/uploads\/2025\/02\/como_ser_btn-480x142.png 480w, https:\/\/cooperativamaino.com\/wp-content\/uploads\/2025\/02\/como_ser_btn.png 1743w\" sizes=\"(max-width: 1024px) 100vw, 1024px\" \/>\t\t\t\t\t\t\t\t<\/a>\n\t\t\t\t\t\t\t\t\t\t\t\t\t\t\t<\/div>\n\t\t\t\t<\/div>\n\t\t\t\t<div class=\"elementor-element elementor-element-0776f37 elementor-widget elementor-widget-image\" data-id=\"0776f37\" data-element_type=\"widget\" data-widget_type=\"image.default\">\n\t\t\t\t<div class=\"elementor-widget-container\">\n\t\t\t\t\t\t\t\t\t\t\t\t\t\t\t\t<a href=\"#documentacion\">\n\t\t\t\t\t\t\t<img loading=\"lazy\" decoding=\"async\" width=\"1024\" height=\"303\" src=\"https:\/\/cooperativamaino.com\/wp-content\/uploads\/2025\/02\/Familia-Amiga-12-1024x303.png\" class=\"attachment-large size-large wp-image-973\" alt=\"Documentaci\u00f3n\" srcset=\"https:\/\/cooperativamaino.com\/wp-content\/uploads\/2025\/02\/Familia-Amiga-12-1024x303.png 1024w, https:\/\/cooperativamaino.com\/wp-content\/uploads\/2025\/02\/Familia-Amiga-12-300x89.png 300w, https:\/\/cooperativamaino.com\/wp-content\/uploads\/2025\/02\/Familia-Amiga-12-768x227.png 768w, https:\/\/cooperativamaino.com\/wp-content\/uploads\/2025\/02\/Familia-Amiga-12-1536x454.png 1536w, https:\/\/cooperativamaino.com\/wp-content\/uploads\/2025\/02\/Familia-Amiga-12-1000x295.png 1000w, https:\/\/cooperativamaino.com\/wp-content\/uploads\/2025\/02\/Familia-Amiga-12-230x68.png 230w, https:\/\/cooperativamaino.com\/wp-content\/uploads\/2025\/02\/Familia-Amiga-12-350x103.png 350w, https:\/\/cooperativamaino.com\/wp-content\/uploads\/2025\/02\/Familia-Amiga-12-480x142.png 480w, https:\/\/cooperativamaino.com\/wp-content\/uploads\/2025\/02\/Familia-Amiga-12.png 1743w\" sizes=\"(max-width: 1024px) 100vw, 1024px\" \/>\t\t\t\t\t\t\t\t<\/a>\n\t\t\t\t\t\t\t\t\t\t\t\t\t\t\t<\/div>\n\t\t\t\t<\/div>\n\t\t\t\t\t<\/div>\n\t\t\t\t<\/div>\n\t\t\t\t<div class=\"elementor-section elementor-top-section elementor-element elementor-element-22f3cbc elementor-section-content-middle elementor-section-boxed elementor-section-height-default elementor-section-height-default\" data-id=\"22f3cbc\" data-element_type=\"section\" data-settings=\"{&quot;background_background&quot;:&quot;classic&quot;}\">\n\t\t\t\t\t\t\t<div class=\"elementor-background-overlay\"><\/div>\n\t\t\t\t\t\t\t<div class=\"elementor-container elementor-column-gap-no\">\n\t\t\t\t\t<div class=\"elementor-column elementor-col-100 elementor-top-column elementor-element elementor-element-5d7b2a7\" data-id=\"5d7b2a7\" data-element_type=\"column\">\n\t\t\t<div class=\"elementor-widget-wrap elementor-element-populated\">\n\t\t\t\t\t\t<div class=\"elementor-element elementor-element-2b7104a elementor-widget elementor-widget-text-editor\" data-id=\"2b7104a\" data-element_type=\"widget\" data-widget_type=\"text-editor.default\">\n\t\t\t\t<div class=\"elementor-widget-container\">\n\t\t\t\t\t\t\t\t\t<p>\u00a0<\/p><p>\u00a0<span style=\"color: #0096a7;\">\u00bfQUIEN PUEDE SER FAMILIA AMIGA?<\/span><\/p><ul><li><span style=\"color: #808080;\">Toda la familia o persona, preferiblmente a partir de 25 a\u00f1os de edad, con disponibildiad de tiempo, espacio y dedicaci\u00f3n para cuidar.<\/span><\/li><li><span style=\"color: #808080;\">Con ingresos econ\u00f3micos que respondan a las necesidades de su propia familia.<\/span><\/li><li><span style=\"color: #808080;\">Que no est\u00e9n inscriptors en el Registro \u00danico de Adopciones.<\/span><\/li><li><span style=\"color: #808080;\">Que cuenten con una vivienda en donciciones adecuadas y seguras.<\/span><\/li><\/ul>\t\t\t\t\t\t\t\t<\/div>\n\t\t\t\t<\/div>\n\t\t\t\t\t<\/div>\n\t\t<\/div>\n\t\t\t\t\t<\/div>\n\t\t<\/div>\n\t\t\t\t<div class=\"elementor-section elementor-top-section elementor-element elementor-element-d195579 elementor-section-content-middle elementor-section-boxed elementor-section-height-default elementor-section-height-default\" data-id=\"d195579\" data-element_type=\"section\" id=\"queimplica\" data-settings=\"{&quot;background_background&quot;:&quot;classic&quot;}\">\n\t\t\t\t\t\t\t<div class=\"elementor-background-overlay\"><\/div>\n\t\t\t\t\t\t\t<div class=\"elementor-container elementor-column-gap-no\">\n\t\t\t\t\t<div class=\"elementor-column elementor-col-100 elementor-top-column elementor-element elementor-element-507a8d6\" data-id=\"507a8d6\" data-element_type=\"column\">\n\t\t\t<div class=\"elementor-widget-wrap elementor-element-populated\">\n\t\t\t\t\t\t<div class=\"elementor-element elementor-element-e591e4c elementor-widget elementor-widget-text-editor\" data-id=\"e591e4c\" data-element_type=\"widget\" data-widget_type=\"text-editor.default\">\n\t\t\t\t<div class=\"elementor-widget-container\">\n\t\t\t\t\t\t\t\t\t<p>\u00a0<\/p><p><span style=\"color: #ebb134;\">\u00bfQU\u00c9 IMPLICA?<\/span><\/p><ul><li><span style=\"color: #808080;\">Que el deseo de ser Famili Amiga sea compartido por todos los miembros que conviven en la familia.<\/span><\/li><li><span style=\"color: #808080;\">Participar en instancias de capacitaci\u00f3n.<\/span><\/li><li><span style=\"color: #808080;\">Estar abiertos al apoyo, acompa\u00f1amiento, y sugerencias dl equipo t\u00e9cnico.<\/span><\/li><li><span style=\"color: #808080;\">Aceptar el posible v\u00ednculo entre el ni\u00f1o, ni\u00f1a o adolescente y su familia de origen.<\/span><\/li><li><span style=\"color: #808080;\">Capacidad de aceptar la sepracaci\u00f3n del ni\u00f1o\/a o adolescenete al momento de su integraci\u00f3n a su familia de origen o a una familia adoptiva. Aceptaci\u00f3n de la transitoriedad de la situaci\u00f3n.<\/span><\/li><li><span style=\"color: #808080;\">Conocer y aceptar qu eser parte de este proyecto es excluyente a acceder a un proceso de adopci\u00f3n.<\/span><\/li><\/ul>\t\t\t\t\t\t\t\t<\/div>\n\t\t\t\t<\/div>\n\t\t\t\t\t<\/div>\n\t\t<\/div>\n\t\t\t\t\t<\/div>\n\t\t<\/div>\n\t\t\t\t<section class=\"elementor-section elementor-top-section elementor-element elementor-element-c8ec3b2 elementor-section-content-middle elementor-section-boxed elementor-section-height-default elementor-section-height-default\" data-id=\"c8ec3b2\" data-element_type=\"section\" id=\"comoser\" data-settings=\"{&quot;background_background&quot;:&quot;classic&quot;}\">\n\t\t\t\t\t\t\t<div class=\"elementor-background-overlay\"><\/div>\n\t\t\t\t\t\t\t<div class=\"elementor-container elementor-column-gap-no\">\n\t\t\t\t\t<div class=\"elementor-column elementor-col-100 elementor-top-column elementor-element elementor-element-7dfa15f\" data-id=\"7dfa15f\" data-element_type=\"column\">\n\t\t\t<div class=\"elementor-widget-wrap elementor-element-populated\">\n\t\t\t\t\t\t<div class=\"elementor-element elementor-element-34a18f0 elementor-widget elementor-widget-text-editor\" data-id=\"34a18f0\" data-element_type=\"widget\" data-widget_type=\"text-editor.default\">\n\t\t\t\t<div class=\"elementor-widget-container\">\n\t\t\t\t\t\t\t\t\t<p>\u00a0<\/p><p><span style=\"color: #808080;\">\u00bfC\u00d3MO SER FAMILIA AMIGA?<\/span><\/p><p><span style=\"color: #808080;\">El equipo t\u00e9cnico del CAFF Luisa Luisi, en v\u00ednculo con el INAU, eval\u00faa y selecciona a las familias que deseen integrarse al mismo. La Familia Amiga es asesorada, capacitada y acompa\u00f1ada psicosocialmente. Si es necesario, tambi\u00e9n es apoyada econ\u00f3micamente durante el proceso.<br \/><\/span><\/p><p><span style=\"color: #808080;\">\u00a0<\/span><\/p>\t\t\t\t\t\t\t\t<\/div>\n\t\t\t\t<\/div>\n\t\t\t\t\t<\/div>\n\t\t<\/div>\n\t\t\t\t\t<\/div>\n\t\t<\/section>\n\t\t\t\t<section class=\"elementor-section elementor-top-section elementor-element elementor-element-590ffad elementor-section-content-middle elementor-section-height-min-height elementor-section-boxed elementor-section-height-default elementor-section-items-middle\" data-id=\"590ffad\" data-element_type=\"section\" id=\"documentacion\" data-settings=\"{&quot;background_background&quot;:&quot;classic&quot;}\">\n\t\t\t\t\t\t\t<div class=\"elementor-background-overlay\"><\/div>\n\t\t\t\t\t\t\t<div class=\"elementor-container elementor-column-gap-default\">\n\t\t\t\t\t<div class=\"elementor-column elementor-col-100 elementor-top-column elementor-element elementor-element-6694aa8\" data-id=\"6694aa8\" data-element_type=\"column\">\n\t\t\t<div class=\"elementor-widget-wrap elementor-element-populated\">\n\t\t\t\t\t\t<div class=\"elementor-element elementor-element-f18a979 elementor-widget__width-initial elementor-widget elementor-widget-text-editor\" data-id=\"f18a979\" data-element_type=\"widget\" data-widget_type=\"text-editor.default\">\n\t\t\t\t<div class=\"elementor-widget-container\">\n\t\t\t\t\t\t\t\t\t<p><span style=\"color: #ff2a94;\">DOCUMENTACI\u00d3N NECESARIA<\/span><\/p><ul><li><span style=\"color: #808080;\">C\u00e9dula de identidad.<\/span><\/li><li><span style=\"color: #808080;\">Credencial c\u00edvica.<\/span><\/li><li><span style=\"color: #808080;\">Constancia de estudios.<\/span><\/li><li><span style=\"color: #808080;\">Certificado de antecedentes judiciales.<\/span><\/li><li><span style=\"color: #808080;\">Constancia de ingresos.<\/span><\/li><li><span style=\"color: #808080;\">Carn\u00e9 de salud vigente de los integrantes de la familia.<\/span><\/li><\/ul>\t\t\t\t\t\t\t\t<\/div>\n\t\t\t\t<\/div>\n\t\t\t\t<div class=\"elementor-element elementor-element-7256564 elementor-widget__width-initial elementor-widget-mobile__width-initial elementor-widget elementor-widget-image\" data-id=\"7256564\" data-element_type=\"widget\" data-widget_type=\"image.default\">\n\t\t\t\t<div class=\"elementor-widget-container\">\n\t\t\t\t\t\t\t\t\t\t\t\t\t\t\t\t<a href=\"https:\/\/forms.gle\/kuCKkh8DzNysnPix5\" target=\"_blank\">\n\t\t\t\t\t\t\t<img loading=\"lazy\" decoding=\"async\" width=\"2048\" height=\"636\" src=\"https:\/\/cooperativamaino.com\/wp-content\/uploads\/2025\/02\/familia_amiga_incribite-2048x636.png\" class=\"attachment-2048x2048 size-2048x2048 wp-image-974\" alt=\"Inscribite\" srcset=\"https:\/\/cooperativamaino.com\/wp-content\/uploads\/2025\/02\/familia_amiga_incribite-2048x636.png 2048w, https:\/\/cooperativamaino.com\/wp-content\/uploads\/2025\/02\/familia_amiga_incribite-300x93.png 300w, https:\/\/cooperativamaino.com\/wp-content\/uploads\/2025\/02\/familia_amiga_incribite-1024x318.png 1024w, https:\/\/cooperativamaino.com\/wp-content\/uploads\/2025\/02\/familia_amiga_incribite-768x238.png 768w, https:\/\/cooperativamaino.com\/wp-content\/uploads\/2025\/02\/familia_amiga_incribite-1536x477.png 1536w, https:\/\/cooperativamaino.com\/wp-content\/uploads\/2025\/02\/familia_amiga_incribite-1000x310.png 1000w, https:\/\/cooperativamaino.com\/wp-content\/uploads\/2025\/02\/familia_amiga_incribite-230x71.png 230w, https:\/\/cooperativamaino.com\/wp-content\/uploads\/2025\/02\/familia_amiga_incribite-350x109.png 350w, https:\/\/cooperativamaino.com\/wp-content\/uploads\/2025\/02\/familia_amiga_incribite-480x149.png 480w\" sizes=\"(max-width: 2048px) 100vw, 2048px\" \/>\t\t\t\t\t\t\t\t<\/a>\n\t\t\t\t\t\t\t\t\t\t\t\t\t\t\t<\/div>\n\t\t\t\t<\/div>\n\t\t\t\t\t<\/div>\n\t\t<\/div>\n\t\t\t\t\t<\/div>\n\t\t<\/section>\n\t\t\t\t<\/div>\n\t\t","protected":false},"excerpt":{"rendered":"<p>\u00a0 Es una iniciativa del INAU, que busca que todo ni\u00f1o, ni\u00f1a y adolescente pueda ejercer su derecho a vivir en familia cuando existen impedimientos [&hellip;]<\/p>\n","protected":false},"author":1,"featured_media":0,"parent":0,"menu_order":0,"comment_status":"closed","ping_status":"closed","template":"page-templates\/page_front-page.php","meta":{"footnotes":""},"class_list":["post-969","page","type-page","status-publish","hentry"],"_links":{"self":[{"href":"https:\/\/cooperativamaino.com\/index.php\/wp-json\/wp\/v2\/pages\/969","targetHints":{"allow":["GET"]}}],"collection":[{"href":"https:\/\/cooperativamaino.com\/index.php\/wp-json\/wp\/v2\/pages"}],"about":[{"href":"https:\/\/cooperativamaino.com\/index.php\/wp-json\/wp\/v2\/types\/page"}],"author":[{"embeddable":true,"href":"https:\/\/cooperativamaino.com\/index.php\/wp-json\/wp\/v2\/users\/1"}],"replies":[{"embeddable":true,"href":"https:\/\/cooperativamaino.com\/index.php\/wp-json\/wp\/v2\/comments?post=969"}],"version-history":[{"count":171,"href":"https:\/\/cooperativamaino.com\/index.php\/wp-json\/wp\/v2\/pages\/969\/revisions"}],"predecessor-version":[{"id":1194,"href":"https:\/\/cooperativamaino.com\/index.php\/wp-json\/wp\/v2\/pages\/969\/revisions\/1194"}],"wp:attachment":[{"href":"https:\/\/cooperativamaino.com\/index.php\/wp-json\/wp\/v2\/media?parent=969"}],"curies":[{"name":"wp","href":"https:\/\/api.w.org\/{rel}","templated":true}]}}